{"id":6,"date":"2019-03-04T14:21:05","date_gmt":"2019-03-04T13:21:05","guid":{"rendered":"https:\/\/taxinantesaeroportatlantique.fr\/?page_id=6"},"modified":"2026-03-09T10:51:59","modified_gmt":"2026-03-09T09:51:59","slug":"rechtshinweise","status":"publish","type":"page","link":"https:\/\/taxinantesaeroportatlantique.fr\/de\/mentions-legales\/","title":{"rendered":"Rechtliche Hinweise"},"content":{"rendered":"<div data-elementor-type=\"wp-post\" data-elementor-id=\"6\" class=\"elementor elementor-6\" data-elementor-post-type=\"page\">\n\t\t\t\t\t\t<section class=\"elementor-section elementor-top-section elementor-element elementor-element-67e8ba5f elementor-section-boxed elementor-section-height-default elementor-section-height-default\" data-id=\"67e8ba5f\" data-element_type=\"section\" data-e-type=\"section\">\n\t\t\t\t\t\t<div class=\"elementor-container elementor-column-gap-default\">\n\t\t\t\t\t<div class=\"elementor-column elementor-col-100 elementor-top-column elementor-element elementor-element-5ec537e\" data-id=\"5ec537e\" data-element_type=\"column\" data-e-type=\"column\">\n\t\t\t<div class=\"elementor-widget-wrap elementor-element-populated\">\n\t\t\t\t\t\t<div class=\"elementor-element elementor-element-291a2eff elementor-widget elementor-widget-text-editor\" data-id=\"291a2eff\" data-element_type=\"widget\" data-e-type=\"widget\" data-widget_type=\"text-editor.default\">\n\t\t\t\t<div class=\"elementor-widget-container\">\n\t\t\t\t\t\t\t\t\t<p><strong>Die Website taxinantesaeroportatlantique.fr wird herausgegeben von:<\/strong><\/p><p>WebAudit Frankreich<br \/>6 avenue Jean Jaur\u00e8s, 73000 Chamb\u00e9ry<br \/>Gesellschaft mit beschr\u00e4nkter Haftung mit einem Kapital von 600 \u20ac<br \/>RCS Chamb\u00e9ry 823 628 698<br \/>contact(@)webaudit.fr<\/p><p><strong>Die Website taxinantesaeroportatlantique.fr<\/strong><strong>wird ver\u00f6ffentlicht f\u00fcr:<\/strong><\/p><p>Firmenname: TAXI MS<br \/>Firmenname: Taxi Flughafen Nantes Atlantik<br \/>Adresse: 7 RUE DU CAPITAINE NEMO 44240 LA CHAPELLE-SUR-ERDRE<br \/>SIRET: 82174429900016<br \/>Umsatzsteuer-Identifikationsnummer: FR25821744299<br \/>Aktienkapital: 2000 \u20ac<br \/>Verlagsleiter: SOBHI MOGAADI<br \/>Telefon: 06 09 82 31 31<br \/>Standort des Taxistandes: Nantes M\u00e9tropole Orvault Taxi Nr. 7<\/p><p><b>Hosting-Anbieter:<\/b><\/p><p>Infomaniak Network SA<br \/>25 Rue Eug\u00e8ne Marziano<br \/>1227 Les Acacias (GE)<br \/>Handelsregister des Kantons Genf: CH-660.0.059.996-1<br \/>IDE-Nummer: CHE-103.167.648<br \/>Umsatzsteuer-Identifikationsnummer: CHE-103.167.648<\/p><p><b>DSGVO-Bestimmungen, Datenschutz und Verwendung von Cookies:<\/b><\/p><p>Gem\u00e4\u00df den Anforderungen der Datenschutz-Grundverordnung (DSGVO) verpflichten wir uns zu Transparenz und dem Schutz Ihrer personenbezogenen Daten. Um genau zu verstehen, wie wir Ihre Daten erheben, verwenden und sch\u00fctzen sowie wie wir Cookies zur Verbesserung Ihrer Nutzererfahrung auf unserer Website einsetzen, lesen Sie bitte unsere Datenschutzerkl\u00e4rung. <a href=\"#gdpr_cookie_modal\"><u>Informationszentrum zu DSGVO und Cookies<\/u><\/a>.<\/p><p>Durch Anklicken dieses Links erhalten Sie Zugriff auf unsere Datenschutzerkl\u00e4rung und unsere Cookie-Richtlinie, in denen unsere Datenschutz- und Cookie-Nutzungspraktiken sowie Ihre Rechte und Wahlm\u00f6glichkeiten in Bezug auf diese Informationen detailliert beschrieben werden.<\/p><p><strong>Geistiges Eigentum<\/strong><\/p><p>S\u00e4mtliche Inhalte dieser Website, einschlie\u00dflich, aber nicht beschr\u00e4nkt auf Grafiken, Bilder, Texte, Videos, Animationen, T\u00f6ne, Logos, GIFs und Icons sowie deren Formatierung, sind ausschlie\u00dfliches Eigentum von WEBAUDIT FRANCE SARL, mit Ausnahme von Marken, Logos oder Inhalten anderer Partnerunternehmen oder Autoren.<br \/>Jegliche Vervielf\u00e4ltigung, Verbreitung, \u00c4nderung, Anpassung, Weiterleitung oder Ver\u00f6ffentlichung dieser Elemente, auch auszugsweise, ist ohne die ausdr\u00fcckliche schriftliche Genehmigung von WEBAUDIT FRANCE SARL strengstens untersagt. Jede derartige Darstellung oder Vervielf\u00e4ltigung, gleich auf welchem Wege, stellt eine Urheberrechtsverletzung dar und ist gem\u00e4\u00df Artikel L.335-2 ff. des franz\u00f6sischen Gesetzes \u00fcber geistiges Eigentum strafbar. Die Nichtbeachtung dieses Verbots stellt eine Urheberrechtsverletzung dar und kann zivil- und strafrechtliche Folgen nach sich ziehen. Dar\u00fcber hinaus k\u00f6nnen die Inhaber der kopierten Inhalte rechtliche Schritte gegen die Urheber einleiten.<\/p>\t\t\t\t\t\t\t\t<\/div>\n\t\t\t\t<\/div>\n\t\t\t\t\t<\/div>\n\t\t<\/div>\n\t\t\t\t\t<\/div>\n\t\t<\/section>\n\t\t\t\t<\/div>","protected":false},"excerpt":{"rendered":"<p>Le site taxinantesaeroportatlantique.fr est \u00e9dit\u00e9 par : WebAudit France6 avenue Jean Jaur\u00e8s, 73000 Chamb\u00e9rySARL au capital de 600\u20acRCS Chamb\u00e9ry 823 628 698contact(@)webaudit.fr Le site taxinantesaeroportatlantique.frest \u00e9dit\u00e9 pour : Raison sociale\u202f: TAXI M.SNom commercial\u202f: Taxi Nantes A\u00e9roport AtlantiqueAdresse\u202f: 7 RUE DU CAPITAINE NEMO 44240 LA CHAPELLE-SUR-ERDRESIRET\u202f: 82174429900016Num\u00e9ro de TVA\u202f: FR25821744299Capital social\u202f: 2000\u20acDirecteur de publication\u202f: SOBHI MOGAADIT\u00e9l\u00e9phone [&hellip;]<\/p>\n","protected":false},"author":1,"featured_media":0,"parent":0,"menu_order":0,"comment_status":"closed","ping_status":"closed","template":"elementor_header_footer","meta":{"footnotes":""},"class_list":["post-6","page","type-page","status-publish","hentry"],"yoast_head":"<!-- This site is optimized with the Yoast SEO plugin v27.5 - https:\/\/yoast.com\/product\/yoast-seo-wordpress\/ -->\n<title>Mentions L\u00e9gales - Taxi Nantes A\u00e9roport Atlantique<\/title>\n<meta name=\"robots\" content=\"index, follow, max-snippet:-1, max-image-preview:large, max-video-preview:-1\" \/>\n<link rel=\"canonical\" href=\"https:\/\/taxinantesaeroportatlantique.fr\/de\/rechtshinweise\/\" \/>\n<meta name=\"twitter:label1\" content=\"Gesch\u00e4tzte Lesezeit\" \/>\n\t<meta name=\"twitter:data1\" content=\"2\u00a0Minuten\" \/>\n<script type=\"application\/ld+json\" class=\"yoast-schema-graph\">{\"@context\":\"https:\\\/\\\/schema.org\",\"@graph\":[{\"@type\":\"WebPage\",\"@id\":\"https:\\\/\\\/taxinantesaeroportatlantique.fr\\\/mentions-legales\\\/\",\"url\":\"https:\\\/\\\/taxinantesaeroportatlantique.fr\\\/mentions-legales\\\/\",\"name\":\"Mentions L\u00e9gales - Taxi Nantes A\u00e9roport Atlantique\",\"isPartOf\":{\"@id\":\"https:\\\/\\\/taxinantesaeroportatlantique.fr\\\/#website\"},\"datePublished\":\"2019-03-04T13:21:05+00:00\",\"dateModified\":\"2026-03-09T09:51:59+00:00\",\"breadcrumb\":{\"@id\":\"https:\\\/\\\/taxinantesaeroportatlantique.fr\\\/mentions-legales\\\/#breadcrumb\"},\"inLanguage\":\"de\",\"potentialAction\":[{\"@type\":\"ReadAction\",\"target\":[\"https:\\\/\\\/taxinantesaeroportatlantique.fr\\\/mentions-legales\\\/\"]}]},{\"@type\":\"BreadcrumbList\",\"@id\":\"https:\\\/\\\/taxinantesaeroportatlantique.fr\\\/mentions-legales\\\/#breadcrumb\",\"itemListElement\":[{\"@type\":\"ListItem\",\"position\":1,\"name\":\"Accueil\",\"item\":\"https:\\\/\\\/taxinantesaeroportatlantique.fr\\\/\"},{\"@type\":\"ListItem\",\"position\":2,\"name\":\"Mentions L\u00e9gales\"}]},{\"@type\":\"WebSite\",\"@id\":\"https:\\\/\\\/taxinantesaeroportatlantique.fr\\\/#website\",\"url\":\"https:\\\/\\\/taxinantesaeroportatlantique.fr\\\/\",\"name\":\"Taxi Nantes A\u00e9roport Atlantique\",\"description\":\"R\u00e9server Taxi Nantes A\u00e9roport Atlantique\",\"publisher\":{\"@id\":\"https:\\\/\\\/taxinantesaeroportatlantique.fr\\\/#organization\"},\"potentialAction\":[{\"@type\":\"SearchAction\",\"target\":{\"@type\":\"EntryPoint\",\"urlTemplate\":\"https:\\\/\\\/taxinantesaeroportatlantique.fr\\\/?s={search_term_string}\"},\"query-input\":{\"@type\":\"PropertyValueSpecification\",\"valueRequired\":true,\"valueName\":\"search_term_string\"}}],\"inLanguage\":\"de\"},{\"@type\":\"Organization\",\"@id\":\"https:\\\/\\\/taxinantesaeroportatlantique.fr\\\/#organization\",\"name\":\"Taxi Nantes A\u00e9roport Atlantique\",\"url\":\"https:\\\/\\\/taxinantesaeroportatlantique.fr\\\/\",\"logo\":{\"@type\":\"ImageObject\",\"inLanguage\":\"de\",\"@id\":\"https:\\\/\\\/taxinantesaeroportatlantique.fr\\\/#\\\/schema\\\/logo\\\/image\\\/\",\"url\":\"https:\\\/\\\/taxinantesaeroportatlantique.fr\\\/wp-content\\\/uploads\\\/logo-taxi-nantes-aeroport-atlantique.webp\",\"contentUrl\":\"https:\\\/\\\/taxinantesaeroportatlantique.fr\\\/wp-content\\\/uploads\\\/logo-taxi-nantes-aeroport-atlantique.webp\",\"width\":360,\"height\":125,\"caption\":\"Taxi Nantes A\u00e9roport Atlantique\"},\"image\":{\"@id\":\"https:\\\/\\\/taxinantesaeroportatlantique.fr\\\/#\\\/schema\\\/logo\\\/image\\\/\"}}]}<\/script>\n<!-- \/ Yoast SEO plugin. -->","yoast_head_json":{"title":"Rechtlicher Hinweis \u2013 Taxi Flughafen Nantes Atlantik","robots":{"index":"index","follow":"follow","max-snippet":"max-snippet:-1","max-image-preview":"max-image-preview:large","max-video-preview":"max-video-preview:-1"},"canonical":"https:\/\/taxinantesaeroportatlantique.fr\/de\/rechtshinweise\/","twitter_misc":{"Gesch\u00e4tzte Lesezeit":"2\u00a0Minuten"},"schema":{"@context":"https:\/\/schema.org","@graph":[{"@type":"WebPage","@id":"https:\/\/taxinantesaeroportatlantique.fr\/mentions-legales\/","url":"https:\/\/taxinantesaeroportatlantique.fr\/mentions-legales\/","name":"Rechtlicher Hinweis \u2013 Taxi Flughafen Nantes Atlantik","isPartOf":{"@id":"https:\/\/taxinantesaeroportatlantique.fr\/#website"},"datePublished":"2019-03-04T13:21:05+00:00","dateModified":"2026-03-09T09:51:59+00:00","breadcrumb":{"@id":"https:\/\/taxinantesaeroportatlantique.fr\/mentions-legales\/#breadcrumb"},"inLanguage":"de","potentialAction":[{"@type":"ReadAction","target":["https:\/\/taxinantesaeroportatlantique.fr\/mentions-legales\/"]}]},{"@type":"BreadcrumbList","@id":"https:\/\/taxinantesaeroportatlantique.fr\/mentions-legales\/#breadcrumb","itemListElement":[{"@type":"ListItem","position":1,"name":"Accueil","item":"https:\/\/taxinantesaeroportatlantique.fr\/"},{"@type":"ListItem","position":2,"name":"Mentions L\u00e9gales"}]},{"@type":"WebSite","@id":"https:\/\/taxinantesaeroportatlantique.fr\/#website","url":"https:\/\/taxinantesaeroportatlantique.fr\/","name":"Taxi Flughafen Nantes Atlantique","description":"Buchen Sie ein Taxi zum Flughafen Nantes Atlantic","publisher":{"@id":"https:\/\/taxinantesaeroportatlantique.fr\/#organization"},"potentialAction":[{"@type":"SearchAction","target":{"@type":"EntryPoint","urlTemplate":"https:\/\/taxinantesaeroportatlantique.fr\/?s={search_term_string}"},"query-input":{"@type":"PropertyValueSpecification","valueRequired":true,"valueName":"search_term_string"}}],"inLanguage":"de"},{"@type":"Organization","@id":"https:\/\/taxinantesaeroportatlantique.fr\/#organization","name":"Taxi Flughafen Nantes Atlantique","url":"https:\/\/taxinantesaeroportatlantique.fr\/","logo":{"@type":"ImageObject","inLanguage":"de","@id":"https:\/\/taxinantesaeroportatlantique.fr\/#\/schema\/logo\/image\/","url":"https:\/\/taxinantesaeroportatlantique.fr\/wp-content\/uploads\/logo-taxi-nantes-aeroport-atlantique.webp","contentUrl":"https:\/\/taxinantesaeroportatlantique.fr\/wp-content\/uploads\/logo-taxi-nantes-aeroport-atlantique.webp","width":360,"height":125,"caption":"Taxi Nantes A\u00e9roport Atlantique"},"image":{"@id":"https:\/\/taxinantesaeroportatlantique.fr\/#\/schema\/logo\/image\/"}}]}},"_links":{"self":[{"href":"https:\/\/taxinantesaeroportatlantique.fr\/de\/wp-json\/wp\/v2\/pages\/6","targetHints":{"allow":["GET"]}}],"collection":[{"href":"https:\/\/taxinantesaeroportatlantique.fr\/de\/wp-json\/wp\/v2\/pages"}],"about":[{"href":"https:\/\/taxinantesaeroportatlantique.fr\/de\/wp-json\/wp\/v2\/types\/page"}],"author":[{"embeddable":true,"href":"https:\/\/taxinantesaeroportatlantique.fr\/de\/wp-json\/wp\/v2\/users\/1"}],"replies":[{"embeddable":true,"href":"https:\/\/taxinantesaeroportatlantique.fr\/de\/wp-json\/wp\/v2\/comments?post=6"}],"version-history":[{"count":3,"href":"https:\/\/taxinantesaeroportatlantique.fr\/de\/wp-json\/wp\/v2\/pages\/6\/revisions"}],"predecessor-version":[{"id":3599,"href":"https:\/\/taxinantesaeroportatlantique.fr\/de\/wp-json\/wp\/v2\/pages\/6\/revisions\/3599"}],"wp:attachment":[{"href":"https:\/\/taxinantesaeroportatlantique.fr\/de\/wp-json\/wp\/v2\/media?parent=6"}],"curies":[{"name":"wp","href":"https:\/\/api.w.org\/{rel}","templated":true}]}}