{"id":6,"date":"2019-03-04T14:21:05","date_gmt":"2019-03-04T13:21:05","guid":{"rendered":"https:\/\/taxinantesaeroportatlantique.fr\/?page_id=6"},"modified":"2026-03-09T10:51:59","modified_gmt":"2026-03-09T09:51:59","slug":"legal-notices","status":"publish","type":"page","link":"https:\/\/taxinantesaeroportatlantique.fr\/en\/mentions-legales\/","title":{"rendered":"Legal Notices"},"content":{"rendered":"<div data-elementor-type=\"wp-post\" data-elementor-id=\"6\" class=\"elementor elementor-6\" data-elementor-post-type=\"page\">\n\t\t\t\t\t\t<section class=\"elementor-section elementor-top-section elementor-element elementor-element-67e8ba5f elementor-section-boxed elementor-section-height-default elementor-section-height-default\" data-id=\"67e8ba5f\" data-element_type=\"section\" data-e-type=\"section\">\n\t\t\t\t\t\t<div class=\"elementor-container elementor-column-gap-default\">\n\t\t\t\t\t<div class=\"elementor-column elementor-col-100 elementor-top-column elementor-element elementor-element-5ec537e\" data-id=\"5ec537e\" data-element_type=\"column\" data-e-type=\"column\">\n\t\t\t<div class=\"elementor-widget-wrap elementor-element-populated\">\n\t\t\t\t\t\t<div class=\"elementor-element elementor-element-291a2eff elementor-widget elementor-widget-text-editor\" data-id=\"291a2eff\" data-element_type=\"widget\" data-e-type=\"widget\" data-widget_type=\"text-editor.default\">\n\t\t\t\t<div class=\"elementor-widget-container\">\n\t\t\t\t\t\t\t\t\t<p><strong>The website taxinantesaeroportatlantique.fr is published by:<\/strong><\/p><p>WebAudit France<br \/>6 avenue Jean Jaur\u00e8s, 73000 Chamb\u00e9ry<br \/>Limited liability company with a capital of \u20ac600<br \/>RCS Chamb\u00e9ry 823 628 698<br \/>contact(@)webaudit.fr<\/p><p><strong>The website taxinantesaeroportatlantique.fr<\/strong><strong>is published for:<\/strong><\/p><p>Company name: TAXI MS<br \/>Business name: Taxi Nantes Airport Atlantic<br \/>Address: 7 RUE DU CAPITAINE NEMO 44240 LA CHAPELLE-SUR-ERDRE<br \/>SIRET: 82174429900016<br \/>VAT number: FR25821744299<br \/>Share capital: \u20ac2000<br \/>Publishing Director: SOBHI MOGAADI<br \/>Telephone: 06 09 82 31 31<br \/>Taxi stand location: Nantes M\u00e9tropole Orvault Taxi No. 7<\/p><p><b>Hosting provider:<\/b><\/p><p>Infomaniak Network SA<br \/>25 Rue Eug\u00e8ne Marziano<br \/>1227 Les Acacias (GE)<br \/>Geneva Canton Commercial Register: CH-660.0.059.996-1<br \/>IDE number: CHE-103.167.648<br \/>VAT number: CHE-103.167.648<\/p><p><b>GDPR Regulations, Data Protection and Use of Cookies:<\/b><\/p><p>In accordance with the requirements of the General Data Protection Regulation (GDPR), we are committed to transparency and the protection of your personal data. For a clear understanding of how we collect, use, and protect your data, as well as our use of cookies to improve your experience on our website, please consult our <a href=\"#gdpr_cookie_modal\"><u>GDPR and Cookies Information Center<\/u><\/a>.<\/p><p>By clicking on this link, you will have access to our Privacy Statement and our Cookie Policy detailing our data protection and cookie usage practices, as well as your rights and choices regarding this information.<\/p><p><strong>Intellectual property<\/strong><\/p><p>All content on this site including, but not limited to, graphics, images, texts, videos, animations, sounds, logos, gifs and icons as well as their formatting are the exclusive property of WEBAUDIT FRANCE SARL with the exception of trademarks, logos or content belonging to other partner companies or authors.<br \/>Any reproduction, distribution, modification, adaptation, retransmission, or publication, even partial, of these elements is strictly prohibited without the express written consent of WEBAUDIT FRANCE SARL. Such representation or reproduction, by any means whatsoever, constitutes copyright infringement punishable under Articles L.335-2 et seq. of the French Intellectual Property Code. Failure to comply with this prohibition constitutes copyright infringement and may result in civil and criminal penalties. Furthermore, the owners of the copied content may take legal action against them.<\/p>\t\t\t\t\t\t\t\t<\/div>\n\t\t\t\t<\/div>\n\t\t\t\t\t<\/div>\n\t\t<\/div>\n\t\t\t\t\t<\/div>\n\t\t<\/section>\n\t\t\t\t<\/div>","protected":false},"excerpt":{"rendered":"<p>Le site taxinantesaeroportatlantique.fr est \u00e9dit\u00e9 par : WebAudit France6 avenue Jean Jaur\u00e8s, 73000 Chamb\u00e9rySARL au capital de 600\u20acRCS Chamb\u00e9ry 823 628 698contact(@)webaudit.fr Le site taxinantesaeroportatlantique.frest \u00e9dit\u00e9 pour : Raison sociale\u202f: TAXI M.SNom commercial\u202f: Taxi Nantes A\u00e9roport AtlantiqueAdresse\u202f: 7 RUE DU CAPITAINE NEMO 44240 LA CHAPELLE-SUR-ERDRESIRET\u202f: 82174429900016Num\u00e9ro de TVA\u202f: FR25821744299Capital social\u202f: 2000\u20acDirecteur de publication\u202f: SOBHI MOGAADIT\u00e9l\u00e9phone [&hellip;]<\/p>\n","protected":false},"author":1,"featured_media":0,"parent":0,"menu_order":0,"comment_status":"closed","ping_status":"closed","template":"elementor_header_footer","meta":{"footnotes":""},"class_list":["post-6","page","type-page","status-publish","hentry"],"yoast_head":"<!-- This site is optimized with the Yoast SEO plugin v27.5 - https:\/\/yoast.com\/product\/yoast-seo-wordpress\/ -->\n<title>Mentions L\u00e9gales - Taxi Nantes A\u00e9roport Atlantique<\/title>\n<meta name=\"robots\" content=\"index, follow, max-snippet:-1, max-image-preview:large, max-video-preview:-1\" \/>\n<link rel=\"canonical\" href=\"https:\/\/taxinantesaeroportatlantique.fr\/en\/legal-notices\/\" \/>\n<meta name=\"twitter:label1\" content=\"Est. reading time\" \/>\n\t<meta name=\"twitter:data1\" content=\"2 minutes\" \/>\n<script type=\"application\/ld+json\" class=\"yoast-schema-graph\">{\"@context\":\"https:\\\/\\\/schema.org\",\"@graph\":[{\"@type\":\"WebPage\",\"@id\":\"https:\\\/\\\/taxinantesaeroportatlantique.fr\\\/mentions-legales\\\/\",\"url\":\"https:\\\/\\\/taxinantesaeroportatlantique.fr\\\/mentions-legales\\\/\",\"name\":\"Mentions L\u00e9gales - Taxi Nantes A\u00e9roport Atlantique\",\"isPartOf\":{\"@id\":\"https:\\\/\\\/taxinantesaeroportatlantique.fr\\\/#website\"},\"datePublished\":\"2019-03-04T13:21:05+00:00\",\"dateModified\":\"2026-03-09T09:51:59+00:00\",\"breadcrumb\":{\"@id\":\"https:\\\/\\\/taxinantesaeroportatlantique.fr\\\/mentions-legales\\\/#breadcrumb\"},\"inLanguage\":\"en-US\",\"potentialAction\":[{\"@type\":\"ReadAction\",\"target\":[\"https:\\\/\\\/taxinantesaeroportatlantique.fr\\\/mentions-legales\\\/\"]}]},{\"@type\":\"BreadcrumbList\",\"@id\":\"https:\\\/\\\/taxinantesaeroportatlantique.fr\\\/mentions-legales\\\/#breadcrumb\",\"itemListElement\":[{\"@type\":\"ListItem\",\"position\":1,\"name\":\"Accueil\",\"item\":\"https:\\\/\\\/taxinantesaeroportatlantique.fr\\\/\"},{\"@type\":\"ListItem\",\"position\":2,\"name\":\"Mentions L\u00e9gales\"}]},{\"@type\":\"WebSite\",\"@id\":\"https:\\\/\\\/taxinantesaeroportatlantique.fr\\\/#website\",\"url\":\"https:\\\/\\\/taxinantesaeroportatlantique.fr\\\/\",\"name\":\"Taxi Nantes A\u00e9roport Atlantique\",\"description\":\"R\u00e9server Taxi Nantes A\u00e9roport Atlantique\",\"publisher\":{\"@id\":\"https:\\\/\\\/taxinantesaeroportatlantique.fr\\\/#organization\"},\"potentialAction\":[{\"@type\":\"SearchAction\",\"target\":{\"@type\":\"EntryPoint\",\"urlTemplate\":\"https:\\\/\\\/taxinantesaeroportatlantique.fr\\\/?s={search_term_string}\"},\"query-input\":{\"@type\":\"PropertyValueSpecification\",\"valueRequired\":true,\"valueName\":\"search_term_string\"}}],\"inLanguage\":\"en-US\"},{\"@type\":\"Organization\",\"@id\":\"https:\\\/\\\/taxinantesaeroportatlantique.fr\\\/#organization\",\"name\":\"Taxi Nantes A\u00e9roport Atlantique\",\"url\":\"https:\\\/\\\/taxinantesaeroportatlantique.fr\\\/\",\"logo\":{\"@type\":\"ImageObject\",\"inLanguage\":\"en-US\",\"@id\":\"https:\\\/\\\/taxinantesaeroportatlantique.fr\\\/#\\\/schema\\\/logo\\\/image\\\/\",\"url\":\"https:\\\/\\\/taxinantesaeroportatlantique.fr\\\/wp-content\\\/uploads\\\/logo-taxi-nantes-aeroport-atlantique.webp\",\"contentUrl\":\"https:\\\/\\\/taxinantesaeroportatlantique.fr\\\/wp-content\\\/uploads\\\/logo-taxi-nantes-aeroport-atlantique.webp\",\"width\":360,\"height\":125,\"caption\":\"Taxi Nantes A\u00e9roport Atlantique\"},\"image\":{\"@id\":\"https:\\\/\\\/taxinantesaeroportatlantique.fr\\\/#\\\/schema\\\/logo\\\/image\\\/\"}}]}<\/script>\n<!-- \/ Yoast SEO plugin. -->","yoast_head_json":{"title":"Legal Notice - Taxi Nantes Atlantic Airport","robots":{"index":"index","follow":"follow","max-snippet":"max-snippet:-1","max-image-preview":"max-image-preview:large","max-video-preview":"max-video-preview:-1"},"canonical":"https:\/\/taxinantesaeroportatlantique.fr\/en\/legal-notices\/","twitter_misc":{"Est. reading time":"2 minutes"},"schema":{"@context":"https:\/\/schema.org","@graph":[{"@type":"WebPage","@id":"https:\/\/taxinantesaeroportatlantique.fr\/mentions-legales\/","url":"https:\/\/taxinantesaeroportatlantique.fr\/mentions-legales\/","name":"Legal Notice - Taxi Nantes Atlantic Airport","isPartOf":{"@id":"https:\/\/taxinantesaeroportatlantique.fr\/#website"},"datePublished":"2019-03-04T13:21:05+00:00","dateModified":"2026-03-09T09:51:59+00:00","breadcrumb":{"@id":"https:\/\/taxinantesaeroportatlantique.fr\/mentions-legales\/#breadcrumb"},"inLanguage":"en-US","potentialAction":[{"@type":"ReadAction","target":["https:\/\/taxinantesaeroportatlantique.fr\/mentions-legales\/"]}]},{"@type":"BreadcrumbList","@id":"https:\/\/taxinantesaeroportatlantique.fr\/mentions-legales\/#breadcrumb","itemListElement":[{"@type":"ListItem","position":1,"name":"Accueil","item":"https:\/\/taxinantesaeroportatlantique.fr\/"},{"@type":"ListItem","position":2,"name":"Mentions L\u00e9gales"}]},{"@type":"WebSite","@id":"https:\/\/taxinantesaeroportatlantique.fr\/#website","url":"https:\/\/taxinantesaeroportatlantique.fr\/","name":"Taxi Nantes Atlantic Airport","description":"Book a taxi to Nantes Atlantic Airport","publisher":{"@id":"https:\/\/taxinantesaeroportatlantique.fr\/#organization"},"potentialAction":[{"@type":"SearchAction","target":{"@type":"EntryPoint","urlTemplate":"https:\/\/taxinantesaeroportatlantique.fr\/?s={search_term_string}"},"query-input":{"@type":"PropertyValueSpecification","valueRequired":true,"valueName":"search_term_string"}}],"inLanguage":"en-US"},{"@type":"Organization","@id":"https:\/\/taxinantesaeroportatlantique.fr\/#organization","name":"Taxi Nantes Atlantic Airport","url":"https:\/\/taxinantesaeroportatlantique.fr\/","logo":{"@type":"ImageObject","inLanguage":"en-US","@id":"https:\/\/taxinantesaeroportatlantique.fr\/#\/schema\/logo\/image\/","url":"https:\/\/taxinantesaeroportatlantique.fr\/wp-content\/uploads\/logo-taxi-nantes-aeroport-atlantique.webp","contentUrl":"https:\/\/taxinantesaeroportatlantique.fr\/wp-content\/uploads\/logo-taxi-nantes-aeroport-atlantique.webp","width":360,"height":125,"caption":"Taxi Nantes A\u00e9roport Atlantique"},"image":{"@id":"https:\/\/taxinantesaeroportatlantique.fr\/#\/schema\/logo\/image\/"}}]}},"_links":{"self":[{"href":"https:\/\/taxinantesaeroportatlantique.fr\/en\/wp-json\/wp\/v2\/pages\/6","targetHints":{"allow":["GET"]}}],"collection":[{"href":"https:\/\/taxinantesaeroportatlantique.fr\/en\/wp-json\/wp\/v2\/pages"}],"about":[{"href":"https:\/\/taxinantesaeroportatlantique.fr\/en\/wp-json\/wp\/v2\/types\/page"}],"author":[{"embeddable":true,"href":"https:\/\/taxinantesaeroportatlantique.fr\/en\/wp-json\/wp\/v2\/users\/1"}],"replies":[{"embeddable":true,"href":"https:\/\/taxinantesaeroportatlantique.fr\/en\/wp-json\/wp\/v2\/comments?post=6"}],"version-history":[{"count":3,"href":"https:\/\/taxinantesaeroportatlantique.fr\/en\/wp-json\/wp\/v2\/pages\/6\/revisions"}],"predecessor-version":[{"id":3599,"href":"https:\/\/taxinantesaeroportatlantique.fr\/en\/wp-json\/wp\/v2\/pages\/6\/revisions\/3599"}],"wp:attachment":[{"href":"https:\/\/taxinantesaeroportatlantique.fr\/en\/wp-json\/wp\/v2\/media?parent=6"}],"curies":[{"name":"wp","href":"https:\/\/api.w.org\/{rel}","templated":true}]}}