{"id":6,"date":"2019-03-04T14:21:05","date_gmt":"2019-03-04T13:21:05","guid":{"rendered":"https:\/\/taxinantesaeroportatlantique.fr\/?page_id=6"},"modified":"2026-03-09T10:51:59","modified_gmt":"2026-03-09T09:51:59","slug":"avisos-legales","status":"publish","type":"page","link":"https:\/\/taxinantesaeroportatlantique.fr\/es\/mentions-legales\/","title":{"rendered":"Avisos legales"},"content":{"rendered":"<div data-elementor-type=\"wp-post\" data-elementor-id=\"6\" class=\"elementor elementor-6\" data-elementor-post-type=\"page\">\n\t\t\t\t\t\t<section class=\"elementor-section elementor-top-section elementor-element elementor-element-67e8ba5f elementor-section-boxed elementor-section-height-default elementor-section-height-default\" data-id=\"67e8ba5f\" data-element_type=\"section\" data-e-type=\"section\">\n\t\t\t\t\t\t<div class=\"elementor-container elementor-column-gap-default\">\n\t\t\t\t\t<div class=\"elementor-column elementor-col-100 elementor-top-column elementor-element elementor-element-5ec537e\" data-id=\"5ec537e\" data-element_type=\"column\" data-e-type=\"column\">\n\t\t\t<div class=\"elementor-widget-wrap elementor-element-populated\">\n\t\t\t\t\t\t<div class=\"elementor-element elementor-element-291a2eff elementor-widget elementor-widget-text-editor\" data-id=\"291a2eff\" data-element_type=\"widget\" data-e-type=\"widget\" data-widget_type=\"text-editor.default\">\n\t\t\t\t<div class=\"elementor-widget-container\">\n\t\t\t\t\t\t\t\t\t<p><strong>El sitio web taxinantesaeroportatlantique.fr es publicado por:<\/strong><\/p><p>WebAudit Francia<br \/>6 avenida Jean Jaur\u00e8s, 73000 Chamb\u00e9ry<br \/>Sociedad de responsabilidad limitada con un capital de 600 \u20ac.<br \/>RCS Chamb\u00e9ry 823 628 698<br \/>contact(@)webaudit.fr<\/p><p><strong>El sitio web taxinantesaeroportatlantique.fr<\/strong><strong>Se publica para:<\/strong><\/p><p>Nombre de la empresa: TAXI MS<br \/>Nombre de la empresa: Taxi Aeropuerto de Nantes Atl\u00e1ntico<br \/>Direcci\u00f3n: 7 RUE DU CAPITAINE NEMO 44240 LA CHAPELLE-SUR-ERDRE<br \/>SIRET: 82174429900016<br \/>N\u00famero de IVA: FR25821744299<br \/>Capital social: 2000 \u20ac<br \/>Director editorial: SOBHI MOGAADI<br \/>Tel\u00e9fono: 06 09 82 31 31<br \/>Ubicaci\u00f3n de la parada de taxis: Nantes M\u00e9tropole Orvault Taxi n\u00ba 7<\/p><p><b>Proveedor de alojamiento:<\/b><\/p><p>Red Infomaniak SA<br \/>25 Rue Eug\u00e8ne Marziano<br \/>1227 Las Acacias (GE)<br \/>Registro Mercantil del Cant\u00f3n de Ginebra: CH-660.0.059.996-1<br \/>N\u00famero IDE: CHE-103.167.648<br \/>N\u00famero de IVA: CHE-103.167.648<\/p><p><b>Reglamento GDPR, protecci\u00f3n de datos y uso de cookies:<\/b><\/p><p>De conformidad con los requisitos del Reglamento General de Protecci\u00f3n de Datos (RGPD), nos comprometemos a la transparencia y a la protecci\u00f3n de sus datos personales. Para comprender claramente c\u00f3mo recopilamos, utilizamos y protegemos sus datos, as\u00ed como nuestro uso de cookies para mejorar su experiencia en nuestro sitio web, consulte nuestra <a href=\"#gdpr_cookie_modal\"><u>Centro de informaci\u00f3n sobre el RGPD y las cookies<\/u><\/a>.<\/p><p>Al hacer clic en este enlace, tendr\u00e1 acceso a nuestra Declaraci\u00f3n de privacidad y a nuestra Pol\u00edtica de cookies, donde se detallan nuestras pr\u00e1cticas de protecci\u00f3n de datos y uso de cookies, as\u00ed como sus derechos y opciones con respecto a esta informaci\u00f3n.<\/p><p><strong>Propiedad intelectual<\/strong><\/p><p>Todo el contenido de este sitio, incluidos, entre otros, gr\u00e1ficos, im\u00e1genes, textos, v\u00eddeos, animaciones, sonidos, logotipos, gifs e iconos, as\u00ed como su formato, son propiedad exclusiva de WEBAUDIT FRANCE SARL, con la excepci\u00f3n de las marcas comerciales, logotipos o contenidos pertenecientes a otras empresas asociadas o autores.<br \/>Queda estrictamente prohibida la reproducci\u00f3n, distribuci\u00f3n, modificaci\u00f3n, adaptaci\u00f3n, retransmisi\u00f3n o publicaci\u00f3n, incluso parcial, de estos elementos sin el consentimiento expreso y por escrito de WEBAUDIT FRANCE SARL. Dicha reproducci\u00f3n, por cualquier medio, constituye una infracci\u00f3n de los derechos de autor, sancionable conforme a los art\u00edculos L.335-2 y siguientes del C\u00f3digo de la Propiedad Intelectual franc\u00e9s. El incumplimiento de esta prohibici\u00f3n constituye una infracci\u00f3n de los derechos de autor y puede acarrear sanciones civiles y penales. Asimismo, los titulares del contenido copiado podr\u00e1n emprender acciones legales contra ellos.<\/p>\t\t\t\t\t\t\t\t<\/div>\n\t\t\t\t<\/div>\n\t\t\t\t\t<\/div>\n\t\t<\/div>\n\t\t\t\t\t<\/div>\n\t\t<\/section>\n\t\t\t\t<\/div>","protected":false},"excerpt":{"rendered":"<p>Le site taxinantesaeroportatlantique.fr est \u00e9dit\u00e9 par : WebAudit France6 avenue Jean Jaur\u00e8s, 73000 Chamb\u00e9rySARL au capital de 600\u20acRCS Chamb\u00e9ry 823 628 698contact(@)webaudit.fr Le site taxinantesaeroportatlantique.frest \u00e9dit\u00e9 pour : Raison sociale\u202f: TAXI M.SNom commercial\u202f: Taxi Nantes A\u00e9roport AtlantiqueAdresse\u202f: 7 RUE DU CAPITAINE NEMO 44240 LA CHAPELLE-SUR-ERDRESIRET\u202f: 82174429900016Num\u00e9ro de TVA\u202f: FR25821744299Capital social\u202f: 2000\u20acDirecteur de publication\u202f: SOBHI MOGAADIT\u00e9l\u00e9phone [&hellip;]<\/p>\n","protected":false},"author":1,"featured_media":0,"parent":0,"menu_order":0,"comment_status":"closed","ping_status":"closed","template":"elementor_header_footer","meta":{"footnotes":""},"class_list":["post-6","page","type-page","status-publish","hentry"],"yoast_head":"<!-- This site is optimized with the Yoast SEO plugin v27.5 - https:\/\/yoast.com\/product\/yoast-seo-wordpress\/ -->\n<title>Mentions L\u00e9gales - Taxi Nantes A\u00e9roport Atlantique<\/title>\n<meta name=\"robots\" content=\"index, follow, max-snippet:-1, max-image-preview:large, max-video-preview:-1\" \/>\n<link rel=\"canonical\" href=\"https:\/\/taxinantesaeroportatlantique.fr\/es\/avisos-legales\/\" \/>\n<meta name=\"twitter:label1\" content=\"Tiempo de lectura\" \/>\n\t<meta name=\"twitter:data1\" content=\"2 minutos\" \/>\n<script type=\"application\/ld+json\" class=\"yoast-schema-graph\">{\"@context\":\"https:\\\/\\\/schema.org\",\"@graph\":[{\"@type\":\"WebPage\",\"@id\":\"https:\\\/\\\/taxinantesaeroportatlantique.fr\\\/mentions-legales\\\/\",\"url\":\"https:\\\/\\\/taxinantesaeroportatlantique.fr\\\/mentions-legales\\\/\",\"name\":\"Mentions L\u00e9gales - Taxi Nantes A\u00e9roport Atlantique\",\"isPartOf\":{\"@id\":\"https:\\\/\\\/taxinantesaeroportatlantique.fr\\\/#website\"},\"datePublished\":\"2019-03-04T13:21:05+00:00\",\"dateModified\":\"2026-03-09T09:51:59+00:00\",\"breadcrumb\":{\"@id\":\"https:\\\/\\\/taxinantesaeroportatlantique.fr\\\/mentions-legales\\\/#breadcrumb\"},\"inLanguage\":\"es\",\"potentialAction\":[{\"@type\":\"ReadAction\",\"target\":[\"https:\\\/\\\/taxinantesaeroportatlantique.fr\\\/mentions-legales\\\/\"]}]},{\"@type\":\"BreadcrumbList\",\"@id\":\"https:\\\/\\\/taxinantesaeroportatlantique.fr\\\/mentions-legales\\\/#breadcrumb\",\"itemListElement\":[{\"@type\":\"ListItem\",\"position\":1,\"name\":\"Accueil\",\"item\":\"https:\\\/\\\/taxinantesaeroportatlantique.fr\\\/\"},{\"@type\":\"ListItem\",\"position\":2,\"name\":\"Mentions L\u00e9gales\"}]},{\"@type\":\"WebSite\",\"@id\":\"https:\\\/\\\/taxinantesaeroportatlantique.fr\\\/#website\",\"url\":\"https:\\\/\\\/taxinantesaeroportatlantique.fr\\\/\",\"name\":\"Taxi Nantes A\u00e9roport Atlantique\",\"description\":\"R\u00e9server Taxi Nantes A\u00e9roport Atlantique\",\"publisher\":{\"@id\":\"https:\\\/\\\/taxinantesaeroportatlantique.fr\\\/#organization\"},\"potentialAction\":[{\"@type\":\"SearchAction\",\"target\":{\"@type\":\"EntryPoint\",\"urlTemplate\":\"https:\\\/\\\/taxinantesaeroportatlantique.fr\\\/?s={search_term_string}\"},\"query-input\":{\"@type\":\"PropertyValueSpecification\",\"valueRequired\":true,\"valueName\":\"search_term_string\"}}],\"inLanguage\":\"es\"},{\"@type\":\"Organization\",\"@id\":\"https:\\\/\\\/taxinantesaeroportatlantique.fr\\\/#organization\",\"name\":\"Taxi Nantes A\u00e9roport Atlantique\",\"url\":\"https:\\\/\\\/taxinantesaeroportatlantique.fr\\\/\",\"logo\":{\"@type\":\"ImageObject\",\"inLanguage\":\"es\",\"@id\":\"https:\\\/\\\/taxinantesaeroportatlantique.fr\\\/#\\\/schema\\\/logo\\\/image\\\/\",\"url\":\"https:\\\/\\\/taxinantesaeroportatlantique.fr\\\/wp-content\\\/uploads\\\/logo-taxi-nantes-aeroport-atlantique.webp\",\"contentUrl\":\"https:\\\/\\\/taxinantesaeroportatlantique.fr\\\/wp-content\\\/uploads\\\/logo-taxi-nantes-aeroport-atlantique.webp\",\"width\":360,\"height\":125,\"caption\":\"Taxi Nantes A\u00e9roport Atlantique\"},\"image\":{\"@id\":\"https:\\\/\\\/taxinantesaeroportatlantique.fr\\\/#\\\/schema\\\/logo\\\/image\\\/\"}}]}<\/script>\n<!-- \/ Yoast SEO plugin. -->","yoast_head_json":{"title":"Aviso legal - Taxi Aeropuerto Atl\u00e1ntico de Nantes","robots":{"index":"index","follow":"follow","max-snippet":"max-snippet:-1","max-image-preview":"max-image-preview:large","max-video-preview":"max-video-preview:-1"},"canonical":"https:\/\/taxinantesaeroportatlantique.fr\/es\/avisos-legales\/","twitter_misc":{"Tiempo de lectura":"2 minutos"},"schema":{"@context":"https:\/\/schema.org","@graph":[{"@type":"WebPage","@id":"https:\/\/taxinantesaeroportatlantique.fr\/mentions-legales\/","url":"https:\/\/taxinantesaeroportatlantique.fr\/mentions-legales\/","name":"Aviso legal - Taxi Aeropuerto Atl\u00e1ntico de Nantes","isPartOf":{"@id":"https:\/\/taxinantesaeroportatlantique.fr\/#website"},"datePublished":"2019-03-04T13:21:05+00:00","dateModified":"2026-03-09T09:51:59+00:00","breadcrumb":{"@id":"https:\/\/taxinantesaeroportatlantique.fr\/mentions-legales\/#breadcrumb"},"inLanguage":"es","potentialAction":[{"@type":"ReadAction","target":["https:\/\/taxinantesaeroportatlantique.fr\/mentions-legales\/"]}]},{"@type":"BreadcrumbList","@id":"https:\/\/taxinantesaeroportatlantique.fr\/mentions-legales\/#breadcrumb","itemListElement":[{"@type":"ListItem","position":1,"name":"Accueil","item":"https:\/\/taxinantesaeroportatlantique.fr\/"},{"@type":"ListItem","position":2,"name":"Mentions L\u00e9gales"}]},{"@type":"WebSite","@id":"https:\/\/taxinantesaeroportatlantique.fr\/#website","url":"https:\/\/taxinantesaeroportatlantique.fr\/","name":"Taxi Aeropuerto Nantes Atl\u00e1ntico","description":"Reserva un taxi al Aeropuerto de Nantes Atl\u00e1ntico","publisher":{"@id":"https:\/\/taxinantesaeroportatlantique.fr\/#organization"},"potentialAction":[{"@type":"SearchAction","target":{"@type":"EntryPoint","urlTemplate":"https:\/\/taxinantesaeroportatlantique.fr\/?s={search_term_string}"},"query-input":{"@type":"PropertyValueSpecification","valueRequired":true,"valueName":"search_term_string"}}],"inLanguage":"es"},{"@type":"Organization","@id":"https:\/\/taxinantesaeroportatlantique.fr\/#organization","name":"Taxi Aeropuerto Nantes Atl\u00e1ntico","url":"https:\/\/taxinantesaeroportatlantique.fr\/","logo":{"@type":"ImageObject","inLanguage":"es","@id":"https:\/\/taxinantesaeroportatlantique.fr\/#\/schema\/logo\/image\/","url":"https:\/\/taxinantesaeroportatlantique.fr\/wp-content\/uploads\/logo-taxi-nantes-aeroport-atlantique.webp","contentUrl":"https:\/\/taxinantesaeroportatlantique.fr\/wp-content\/uploads\/logo-taxi-nantes-aeroport-atlantique.webp","width":360,"height":125,"caption":"Taxi Nantes A\u00e9roport Atlantique"},"image":{"@id":"https:\/\/taxinantesaeroportatlantique.fr\/#\/schema\/logo\/image\/"}}]}},"_links":{"self":[{"href":"https:\/\/taxinantesaeroportatlantique.fr\/es\/wp-json\/wp\/v2\/pages\/6","targetHints":{"allow":["GET"]}}],"collection":[{"href":"https:\/\/taxinantesaeroportatlantique.fr\/es\/wp-json\/wp\/v2\/pages"}],"about":[{"href":"https:\/\/taxinantesaeroportatlantique.fr\/es\/wp-json\/wp\/v2\/types\/page"}],"author":[{"embeddable":true,"href":"https:\/\/taxinantesaeroportatlantique.fr\/es\/wp-json\/wp\/v2\/users\/1"}],"replies":[{"embeddable":true,"href":"https:\/\/taxinantesaeroportatlantique.fr\/es\/wp-json\/wp\/v2\/comments?post=6"}],"version-history":[{"count":3,"href":"https:\/\/taxinantesaeroportatlantique.fr\/es\/wp-json\/wp\/v2\/pages\/6\/revisions"}],"predecessor-version":[{"id":3599,"href":"https:\/\/taxinantesaeroportatlantique.fr\/es\/wp-json\/wp\/v2\/pages\/6\/revisions\/3599"}],"wp:attachment":[{"href":"https:\/\/taxinantesaeroportatlantique.fr\/es\/wp-json\/wp\/v2\/media?parent=6"}],"curies":[{"name":"wp","href":"https:\/\/api.w.org\/{rel}","templated":true}]}}